{"id":113335,"date":"2024-08-23T08:26:27","date_gmt":"2024-08-23T08:26:27","guid":{"rendered":"https:\/\/tapeta24.pl\/?page_id=113335"},"modified":"2024-08-23T08:29:05","modified_gmt":"2024-08-23T08:29:05","slug":"elementor-113335","status":"publish","type":"page","link":"https:\/\/new.tapetax.pl\/index.php\/elementor-113335\/","title":{"rendered":"P\u0142atno\u015bci i Dostawa"},"content":{"rendered":"\t\t<div data-elementor-type=\"wp-page\" data-elementor-id=\"113335\" class=\"elementor elementor-113335\">\n\t\t\t\t<div class=\"wd-negative-gap elementor-element elementor-element-3b46e20 e-flex e-con-boxed e-con e-parent\" data-id=\"3b46e20\" data-element_type=\"container\" data-core-v316-plus=\"true\">\n\t\t\t\t\t<div class=\"e-con-inner\">\n\t\t\t\t<div class=\"elementor-element elementor-element-c22a8d4 elementor-widget elementor-widget-wd_text_block\" data-id=\"c22a8d4\" data-element_type=\"widget\" data-widget_type=\"wd_text_block.default\">\n\t\t\t\t<div class=\"elementor-widget-container\">\n\t\t\t\t\t<div class=\"wd-text-block reset-last-child text-left\">\n\t\t\t\n\t\t\t<p><strong>Metody wysy\u0142ki:<\/strong><\/p><p><span style=\"font-weight: 400;\">Aby zapewni\u0107 bezpiecze\u0144stwo podczas transportu, wszystkie nasze produkty s\u0105 pakowane w grube tuby kartonowe.<\/span><\/p><p><span style=\"font-weight: 400;\">Ka\u017cdy towar jest zawsze ubezpieczony podczas transportu.<\/span><\/p><p><span style=\"font-weight: 400;\">Produkty s\u0105 dostarczane na terenie Polski za po\u015brednictwem poczty DPD, kt\u00f3ra jest r\u00f3wnie\u017c znana jako dostawa pod drzwi, kt\u00f3ra dostarczy towar w dowolnym regionie kraju w ci\u0105gu 2\u20133 dni.<\/span><\/p><p><span style=\"font-weight: 400;\">Je\u015bli kwota zakupu przekracza 200,00 z\u0142, dostawa na terenie Polski jest bezp\u0142atna. Poni\u017cej 200,00 z\u0142 zam\u00f3wienie kosztuje 30,00 z\u0142.<\/span><\/p><p><span style=\"font-weight: 400;\">Podatek VAT i inne podatki sk\u0142adaj\u0105 si\u0119 na cen\u0119 przedstawion\u0105 na tej stronie.<\/span><\/p><p><span style=\"font-weight: 400;\">P\u0142atno\u015bci, kt\u00f3re akceptujemy w naszym sklepie:<\/span><\/p><p><span style=\"font-weight: 400;\">Zapewniamy wszystkie popularne p\u0142atno\u015bci w Polsce, aby zapewni\u0107 maksymaln\u0105 wygod\u0119.<\/span><\/p><p>\u00a0<\/p><p><strong>PayU\u00a0<\/strong><\/p><p><span style=\"font-weight: 400;\">P\u0142atno\u015b\u0107 PayU jest natychmiastowa i nie wymaga przekierowa\u0144 na stron\u0119 internetow\u0105 firmy. PayU pozwala bezpiecznie p\u0142aci\u0107 kart\u0105 w dowolnym banku.<\/span><\/p><p><span style=\"font-weight: 400;\">Platforma p\u0142atno\u015bci online PayU obs\u0142uguje p\u0142atno\u015bci w ponad 130 walutach i dzia\u0142a w ponad 100 krajach.<\/span><\/p><p>\u00a0<\/p><p><strong>Paypal<\/strong><\/p><p><span style=\"font-weight: 400;\">PayPal, najpopularniejszy dostawca us\u0142ug internetowych na \u015bwiecie, umo\u017cliwia szybsze, \u0142atwiejsze i bezpieczniejsze zakupy. Je\u015bli u\u017cywasz karty kredytowej, nie musisz mie\u0107 konta.<\/span><\/p><p><span style=\"font-weight: 400;\">Pami\u0119taj, \u017ce zalogowanie si\u0119 za pomoc\u0105 PayPala nie jest wymagane.<\/span><\/p><p>\u00a0<\/p><p><strong>P\u0142atno\u015b\u0107 z konta bankowego<\/strong><\/p><p><span style=\"font-weight: 400;\">Mo\u017cesz zap\u0142aci\u0107 za produkt przelewem na nasze konto bankowe. Podczas sk\u0142adania zam\u00f3wienia wybierz t\u0119 metod\u0119 p\u0142atno\u015bci, aby to zrobi\u0107. Na koniec zam\u00f3wienia otrzymasz informacje o przelewie, kt\u00f3re obejmuj\u0105 IBAN i informacje przelewowe.<\/span><\/p>\n\t\t\t\t\t<\/div>\n\t\t\t\t<\/div>\n\t\t\t\t<\/div>\n\t\t\t\t\t<\/div>\n\t\t\t\t<\/div>\n\t\t\t\t<\/div>\n\t\t","protected":false},"excerpt":{"rendered":"<p>Metody wysy\u0142ki: Aby zapewni\u0107 bezpiecze\u0144stwo podczas transportu, wszystkie nasze produkty s\u0105 pakowane w grube tuby kartonowe. Ka\u017cdy towar jest zawsze<\/p>\n","protected":false},"author":1,"featured_media":0,"parent":0,"menu_order":0,"comment_status":"closed","ping_status":"closed","template":"","meta":{"_acf_changed":false,"footnotes":""},"class_list":["post-113335","page","type-page","status-publish","hentry"],"acf":[],"yoast_head":"<!-- This site is optimized with the Yoast SEO plugin v22.4 - https:\/\/yoast.com\/wordpress\/plugins\/seo\/ -->\n<title>P\u0142atno\u015bci i Dostawa - M\u00f3j sklep<\/title>\n<meta name=\"robots\" content=\"index, follow, max-snippet:-1, max-image-preview:large, max-video-preview:-1\" \/>\n<link rel=\"canonical\" href=\"https:\/\/new.tapetax.pl\/index.php\/elementor-113335\/\" \/>\n<meta property=\"og:locale\" content=\"pl_PL\" \/>\n<meta property=\"og:type\" content=\"article\" \/>\n<meta property=\"og:title\" content=\"P\u0142atno\u015bci i Dostawa - M\u00f3j sklep\" \/>\n<meta property=\"og:description\" content=\"Metody wysy\u0142ki: Aby zapewni\u0107 bezpiecze\u0144stwo podczas transportu, wszystkie nasze produkty s\u0105 pakowane w grube tuby kartonowe. Ka\u017cdy towar jest zawsze\" \/>\n<meta property=\"og:url\" content=\"https:\/\/new.tapetax.pl\/index.php\/elementor-113335\/\" \/>\n<meta property=\"og:site_name\" content=\"M\u00f3j sklep\" \/>\n<meta property=\"article:modified_time\" content=\"2024-08-23T08:29:05+00:00\" \/>\n<meta name=\"twitter:card\" content=\"summary_large_image\" \/>\n<meta name=\"twitter:label1\" content=\"Szacowany czas czytania\" \/>\n\t<meta name=\"twitter:data1\" content=\"2 minuty\" \/>\n<script type=\"application\/ld+json\" class=\"yoast-schema-graph\">{\"@context\":\"https:\/\/schema.org\",\"@graph\":[{\"@type\":\"WebPage\",\"@id\":\"https:\/\/new.tapetax.pl\/index.php\/elementor-113335\/\",\"url\":\"https:\/\/new.tapetax.pl\/index.php\/elementor-113335\/\",\"name\":\"P\u0142atno\u015bci i Dostawa - M\u00f3j sklep\",\"isPartOf\":{\"@id\":\"https:\/\/new.tapetax.pl\/#website\"},\"datePublished\":\"2024-08-23T08:26:27+00:00\",\"dateModified\":\"2024-08-23T08:29:05+00:00\",\"breadcrumb\":{\"@id\":\"https:\/\/new.tapetax.pl\/index.php\/elementor-113335\/#breadcrumb\"},\"inLanguage\":\"pl-PL\",\"potentialAction\":[{\"@type\":\"ReadAction\",\"target\":[\"https:\/\/new.tapetax.pl\/index.php\/elementor-113335\/\"]}]},{\"@type\":\"BreadcrumbList\",\"@id\":\"https:\/\/new.tapetax.pl\/index.php\/elementor-113335\/#breadcrumb\",\"itemListElement\":[{\"@type\":\"ListItem\",\"position\":1,\"name\":\"Home\",\"item\":\"https:\/\/new.tapetax.pl\/\"},{\"@type\":\"ListItem\",\"position\":2,\"name\":\"P\u0142atno\u015bci i Dostawa\"}]},{\"@type\":\"WebSite\",\"@id\":\"https:\/\/new.tapetax.pl\/#website\",\"url\":\"https:\/\/new.tapetax.pl\/\",\"name\":\"M\u00f3j sklep\",\"description\":\"M\u00f3j pierwszy sklep WooCommerce\",\"potentialAction\":[{\"@type\":\"SearchAction\",\"target\":{\"@type\":\"EntryPoint\",\"urlTemplate\":\"https:\/\/new.tapetax.pl\/?s={search_term_string}\"},\"query-input\":\"required name=search_term_string\"}],\"inLanguage\":\"pl-PL\"}]}<\/script>\n<!-- \/ Yoast SEO plugin. -->","yoast_head_json":{"title":"P\u0142atno\u015bci i Dostawa - M\u00f3j sklep","robots":{"index":"index","follow":"follow","max-snippet":"max-snippet:-1","max-image-preview":"max-image-preview:large","max-video-preview":"max-video-preview:-1"},"canonical":"https:\/\/new.tapetax.pl\/index.php\/elementor-113335\/","og_locale":"pl_PL","og_type":"article","og_title":"P\u0142atno\u015bci i Dostawa - M\u00f3j sklep","og_description":"Metody wysy\u0142ki: Aby zapewni\u0107 bezpiecze\u0144stwo podczas transportu, wszystkie nasze produkty s\u0105 pakowane w grube tuby kartonowe. Ka\u017cdy towar jest zawsze","og_url":"https:\/\/new.tapetax.pl\/index.php\/elementor-113335\/","og_site_name":"M\u00f3j sklep","article_modified_time":"2024-08-23T08:29:05+00:00","twitter_card":"summary_large_image","twitter_misc":{"Szacowany czas czytania":"2 minuty"},"schema":{"@context":"https:\/\/schema.org","@graph":[{"@type":"WebPage","@id":"https:\/\/new.tapetax.pl\/index.php\/elementor-113335\/","url":"https:\/\/new.tapetax.pl\/index.php\/elementor-113335\/","name":"P\u0142atno\u015bci i Dostawa - M\u00f3j sklep","isPartOf":{"@id":"https:\/\/new.tapetax.pl\/#website"},"datePublished":"2024-08-23T08:26:27+00:00","dateModified":"2024-08-23T08:29:05+00:00","breadcrumb":{"@id":"https:\/\/new.tapetax.pl\/index.php\/elementor-113335\/#breadcrumb"},"inLanguage":"pl-PL","potentialAction":[{"@type":"ReadAction","target":["https:\/\/new.tapetax.pl\/index.php\/elementor-113335\/"]}]},{"@type":"BreadcrumbList","@id":"https:\/\/new.tapetax.pl\/index.php\/elementor-113335\/#breadcrumb","itemListElement":[{"@type":"ListItem","position":1,"name":"Home","item":"https:\/\/new.tapetax.pl\/"},{"@type":"ListItem","position":2,"name":"P\u0142atno\u015bci i Dostawa"}]},{"@type":"WebSite","@id":"https:\/\/new.tapetax.pl\/#website","url":"https:\/\/new.tapetax.pl\/","name":"M\u00f3j sklep","description":"M\u00f3j pierwszy sklep WooCommerce","potentialAction":[{"@type":"SearchAction","target":{"@type":"EntryPoint","urlTemplate":"https:\/\/new.tapetax.pl\/?s={search_term_string}"},"query-input":"required name=search_term_string"}],"inLanguage":"pl-PL"}]}},"_links":{"self":[{"href":"https:\/\/new.tapetax.pl\/index.php\/wp-json\/wp\/v2\/pages\/113335","targetHints":{"allow":["GET"]}}],"collection":[{"href":"https:\/\/new.tapetax.pl\/index.php\/wp-json\/wp\/v2\/pages"}],"about":[{"href":"https:\/\/new.tapetax.pl\/index.php\/wp-json\/wp\/v2\/types\/page"}],"author":[{"embeddable":true,"href":"https:\/\/new.tapetax.pl\/index.php\/wp-json\/wp\/v2\/users\/1"}],"replies":[{"embeddable":true,"href":"https:\/\/new.tapetax.pl\/index.php\/wp-json\/wp\/v2\/comments?post=113335"}],"version-history":[{"count":5,"href":"https:\/\/new.tapetax.pl\/index.php\/wp-json\/wp\/v2\/pages\/113335\/revisions"}],"predecessor-version":[{"id":113340,"href":"https:\/\/new.tapetax.pl\/index.php\/wp-json\/wp\/v2\/pages\/113335\/revisions\/113340"}],"wp:attachment":[{"href":"https:\/\/new.tapetax.pl\/index.php\/wp-json\/wp\/v2\/media?parent=113335"}],"curies":[{"name":"wp","href":"https:\/\/api.w.org\/{rel}","templated":true}]}}